{"id":191,"date":"2021-06-08T09:37:00","date_gmt":"2021-06-08T07:37:12","guid":{"rendered":"https:\/\/hospitalityprojectmanagement.ch\/thank-you_genusloci-3\/"},"modified":"2021-06-08T09:40:28","modified_gmt":"2021-06-08T07:40:28","slug":"fr_thank-you_genusloci-3","status":"publish","type":"page","link":"https:\/\/hospitalityprojectmanagement.ch\/fr\/fr_thank-you_genusloci-3\/","title":{"rendered":"FR_Thank you_Genusloci"},"content":{"rendered":"\t\t<div data-elementor-type=\"wp-page\" data-elementor-id=\"191\" class=\"elementor elementor-191 elementor-184\" data-elementor-settings=\"[]\">\n\t\t\t\t\t\t\t<div class=\"elementor-section-wrap\">\n\t\t\t\t\t\t\t<section class=\"elementor-section elementor-top-section elementor-element elementor-element-577c003b elementor-section-boxed elementor-section-height-default elementor-section-height-default\" data-id=\"577c003b\" data-element_type=\"section\" data-settings=\"{&quot;background_background&quot;:&quot;classic&quot;}\">\n\t\t\t\t\t\t<div class=\"elementor-container elementor-column-gap-default\">\n\t\t\t\t\t<div class=\"elementor-column elementor-col-100 elementor-top-column elementor-element elementor-element-717e929b\" data-id=\"717e929b\" data-element_type=\"column\">\n\t\t\t<div class=\"elementor-widget-wrap elementor-element-populated\">\n\t\t\t\t\t\t\t\t<div class=\"elementor-element elementor-element-2a92c94 elementor-widget elementor-widget-image\" data-id=\"2a92c94\" data-element_type=\"widget\" data-widget_type=\"image.default\">\n\t\t\t\t<div class=\"elementor-widget-container\">\n\t\t\t\t\t<div class=\"elementor-image\">\n\t\t\t\t\t\t\t\t\t\t<img width=\"768\" height=\"543\" src=\"https:\/\/hospitalityprojectmanagement.ch\/wp-content\/uploads\/2021\/04\/Geo-Livello-3_B2-copia-768x543.jpg\" class=\"attachment-medium_large size-medium_large\" alt=\"\" loading=\"lazy\" srcset=\"https:\/\/hospitalityprojectmanagement.ch\/wp-content\/uploads\/2021\/04\/Geo-Livello-3_B2-copia-768x543.jpg 768w, https:\/\/hospitalityprojectmanagement.ch\/wp-content\/uploads\/2021\/04\/Geo-Livello-3_B2-copia-300x212.jpg 300w, https:\/\/hospitalityprojectmanagement.ch\/wp-content\/uploads\/2021\/04\/Geo-Livello-3_B2-copia-1024x724.jpg 1024w, https:\/\/hospitalityprojectmanagement.ch\/wp-content\/uploads\/2021\/04\/Geo-Livello-3_B2-copia-1536x1086.jpg 1536w, https:\/\/hospitalityprojectmanagement.ch\/wp-content\/uploads\/2021\/04\/Geo-Livello-3_B2-copia-2048x1448.jpg 2048w\" sizes=\"(max-width: 768px) 100vw, 768px\" \/>\t\t\t\t\t\t\t\t\t\t\t<\/div>\n\t\t\t\t<\/div>\n\t\t\t\t<\/div>\n\t\t\t\t\t<\/div>\n\t\t<\/div>\n\t\t\t\t\t\t\t<\/div>\n\t\t<\/section>\n\t\t\t\t<section class=\"elementor-section elementor-top-section elementor-element elementor-element-7e7189d3 elementor-section-boxed elementor-section-height-default elementor-section-height-default\" data-id=\"7e7189d3\" data-element_type=\"section\">\n\t\t\t\t\t\t<div class=\"elementor-container elementor-column-gap-default\">\n\t\t\t\t\t<div class=\"elementor-column elementor-col-100 elementor-top-column elementor-element elementor-element-16a5c9b7\" data-id=\"16a5c9b7\" data-element_type=\"column\">\n\t\t\t<div class=\"elementor-widget-wrap elementor-element-populated\">\n\t\t\t\t\t\t\t\t<div class=\"elementor-element elementor-element-15406c6a elementor-widget elementor-widget-heading\" data-id=\"15406c6a\" data-element_type=\"widget\" data-widget_type=\"heading.default\">\n\t\t\t\t<div class=\"elementor-widget-container\">\n\t\t\t<h2 class=\"elementor-heading-title elementor-size-default\">Merci d\u2019avoir demand\u00e9 votre<br>Genius Loci<\/h2>\t\t<\/div>\n\t\t\t\t<\/div>\n\t\t\t\t\t<\/div>\n\t\t<\/div>\n\t\t\t\t\t\t\t<\/div>\n\t\t<\/section>\n\t\t\t\t<section class=\"elementor-section elementor-top-section elementor-element elementor-element-5b20d5b4 elementor-section-boxed elementor-section-height-default elementor-section-height-default\" data-id=\"5b20d5b4\" data-element_type=\"section\">\n\t\t\t\t\t\t<div class=\"elementor-container elementor-column-gap-default\">\n\t\t\t\t\t<div class=\"elementor-column elementor-col-100 elementor-top-column elementor-element elementor-element-458cfdbb\" data-id=\"458cfdbb\" data-element_type=\"column\">\n\t\t\t<div class=\"elementor-widget-wrap elementor-element-populated\">\n\t\t\t\t\t\t\t\t<div class=\"elementor-element elementor-element-cff794b elementor-widget elementor-widget-spacer\" data-id=\"cff794b\" data-element_type=\"widget\" data-widget_type=\"spacer.default\">\n\t\t\t\t<div class=\"elementor-widget-container\">\n\t\t\t\t\t<div class=\"elementor-spacer\">\n\t\t\t<div class=\"elementor-spacer-inner\"><\/div>\n\t\t<\/div>\n\t\t\t\t<\/div>\n\t\t\t\t<\/div>\n\t\t\t\t\t<\/div>\n\t\t<\/div>\n\t\t\t\t\t\t\t<\/div>\n\t\t<\/section>\n\t\t\t\t<section class=\"elementor-section elementor-top-section elementor-element elementor-element-7839ab9d elementor-section-boxed elementor-section-height-default elementor-section-height-default\" data-id=\"7839ab9d\" data-element_type=\"section\">\n\t\t\t\t\t\t<div class=\"elementor-container elementor-column-gap-default\">\n\t\t\t\t\t<div class=\"elementor-column elementor-col-100 elementor-top-column elementor-element elementor-element-47e83e85\" data-id=\"47e83e85\" data-element_type=\"column\">\n\t\t\t<div class=\"elementor-widget-wrap elementor-element-populated\">\n\t\t\t\t\t\t\t\t<div class=\"elementor-element elementor-element-1b3113d2 elementor-widget elementor-widget-spacer\" data-id=\"1b3113d2\" data-element_type=\"widget\" data-widget_type=\"spacer.default\">\n\t\t\t\t<div class=\"elementor-widget-container\">\n\t\t\t\t\t<div class=\"elementor-spacer\">\n\t\t\t<div class=\"elementor-spacer-inner\"><\/div>\n\t\t<\/div>\n\t\t\t\t<\/div>\n\t\t\t\t<\/div>\n\t\t\t\t\t<\/div>\n\t\t<\/div>\n\t\t\t\t\t\t\t<\/div>\n\t\t<\/section>\n\t\t\t\t<section class=\"elementor-section elementor-top-section elementor-element elementor-element-57ee4753 elementor-section-boxed elementor-section-height-default elementor-section-height-default\" data-id=\"57ee4753\" data-element_type=\"section\">\n\t\t\t\t\t\t<div class=\"elementor-container elementor-column-gap-default\">\n\t\t\t\t\t<div class=\"elementor-column elementor-col-16 elementor-top-column elementor-element elementor-element-4619a289\" data-id=\"4619a289\" data-element_type=\"column\">\n\t\t\t<div class=\"elementor-widget-wrap\">\n\t\t\t\t\t\t\t\t\t<\/div>\n\t\t<\/div>\n\t\t\t\t<div class=\"elementor-column elementor-col-66 elementor-top-column elementor-element elementor-element-433e4665\" data-id=\"433e4665\" data-element_type=\"column\" data-settings=\"{&quot;background_background&quot;:&quot;gradient&quot;}\">\n\t\t\t<div class=\"elementor-widget-wrap elementor-element-populated\">\n\t\t\t\t\t\t\t\t<div class=\"elementor-element elementor-element-27e7dee6 elementor-widget elementor-widget-text-editor\" data-id=\"27e7dee6\" data-element_type=\"widget\" data-widget_type=\"text-editor.default\">\n\t\t\t\t<div class=\"elementor-widget-container\">\n\t\t\t\t\t<div class=\"elementor-text-editor elementor-clearfix\"><p><span style=\"font-weight: 400;\">Merci d\u2019avoir demand\u00e9 votre Genius Loci.<\/span><\/p><p><span style=\"font-weight: 400;\">Votre commande a \u00e9t\u00e9 re\u00e7ue et a retenu toute notre attention.<\/span><\/p><p><span style=\"font-weight: 400;\">\u00a0<\/span><span style=\"font-weight: 400;\">Notre consultant interne vous contactera au num\u00e9ro de t\u00e9l\u00e9phone que vous avez indiqu\u00e9, dans les prochaines 24 heures pour fixer le rendez-vous en fonction de vos disponibilit\u00e9s.<\/span><\/p><\/div>\n\t\t\t\t<\/div>\n\t\t\t\t<\/div>\n\t\t\t\t\t<\/div>\n\t\t<\/div>\n\t\t\t\t<div class=\"elementor-column elementor-col-16 elementor-top-column elementor-element elementor-element-6dd777f1\" data-id=\"6dd777f1\" data-element_type=\"column\">\n\t\t\t<div class=\"elementor-widget-wrap\">\n\t\t\t\t\t\t\t\t\t<\/div>\n\t\t<\/div>\n\t\t\t\t\t\t\t<\/div>\n\t\t<\/section>\n\t\t\t\t<section class=\"elementor-section elementor-top-section elementor-element elementor-element-2ed473e2 elementor-section-boxed elementor-section-height-default elementor-section-height-default\" data-id=\"2ed473e2\" data-element_type=\"section\">\n\t\t\t\t\t\t<div class=\"elementor-container elementor-column-gap-default\">\n\t\t\t\t\t<div class=\"elementor-column elementor-col-100 elementor-top-column elementor-element elementor-element-66db16c\" data-id=\"66db16c\" data-element_type=\"column\">\n\t\t\t<div class=\"elementor-widget-wrap elementor-element-populated\">\n\t\t\t\t\t\t\t\t<div class=\"elementor-element elementor-element-7646d27 elementor-widget elementor-widget-spacer\" data-id=\"7646d27\" data-element_type=\"widget\" data-widget_type=\"spacer.default\">\n\t\t\t\t<div class=\"elementor-widget-container\">\n\t\t\t\t\t<div class=\"elementor-spacer\">\n\t\t\t<div class=\"elementor-spacer-inner\"><\/div>\n\t\t<\/div>\n\t\t\t\t<\/div>\n\t\t\t\t<\/div>\n\t\t\t\t\t<\/div>\n\t\t<\/div>\n\t\t\t\t\t\t\t<\/div>\n\t\t<\/section>\n\t\t\t\t<section class=\"elementor-section elementor-top-section elementor-element elementor-element-1a950a44 elementor-section-boxed elementor-section-height-default elementor-section-height-default\" data-id=\"1a950a44\" data-element_type=\"section\">\n\t\t\t\t\t\t<div class=\"elementor-container elementor-column-gap-default\">\n\t\t\t\t\t<div class=\"elementor-column elementor-col-25 elementor-top-column elementor-element elementor-element-7fff6ee0\" data-id=\"7fff6ee0\" data-element_type=\"column\">\n\t\t\t<div class=\"elementor-widget-wrap\">\n\t\t\t\t\t\t\t\t\t<\/div>\n\t\t<\/div>\n\t\t\t\t<div class=\"elementor-column elementor-col-50 elementor-top-column elementor-element elementor-element-7fa1839d\" data-id=\"7fa1839d\" data-element_type=\"column\">\n\t\t\t<div class=\"elementor-widget-wrap elementor-element-populated\">\n\t\t\t\t\t\t\t\t<div class=\"elementor-element elementor-element-7c8a637f elementor-widget elementor-widget-heading\" data-id=\"7c8a637f\" data-element_type=\"widget\" data-widget_type=\"heading.default\">\n\t\t\t\t<div class=\"elementor-widget-container\">\n\t\t\t<h2 class=\"elementor-heading-title elementor-size-default\">En attendant, nous vous souhaitons une bonne journ\u00e9e.<\/br>\n\n<\/br>\nGasc\u00f3n Group<\/h2>\t\t<\/div>\n\t\t\t\t<\/div>\n\t\t\t\t\t<\/div>\n\t\t<\/div>\n\t\t\t\t<div class=\"elementor-column elementor-col-25 elementor-top-column elementor-element elementor-element-7d5e11d7\" data-id=\"7d5e11d7\" data-element_type=\"column\">\n\t\t\t<div class=\"elementor-widget-wrap\">\n\t\t\t\t\t\t\t\t\t<\/div>\n\t\t<\/div>\n\t\t\t\t\t\t\t<\/div>\n\t\t<\/section>\n\t\t\t\t<section class=\"elementor-section elementor-top-section elementor-element elementor-element-594999d8 elementor-section-boxed elementor-section-height-default elementor-section-height-default\" data-id=\"594999d8\" data-element_type=\"section\">\n\t\t\t\t\t\t<div class=\"elementor-container elementor-column-gap-default\">\n\t\t\t\t\t<div class=\"elementor-column elementor-col-100 elementor-top-column elementor-element elementor-element-7befb35f\" data-id=\"7befb35f\" data-element_type=\"column\">\n\t\t\t<div class=\"elementor-widget-wrap elementor-element-populated\">\n\t\t\t\t\t\t\t\t<div class=\"elementor-element elementor-element-7938dba6 elementor-widget elementor-widget-spacer\" data-id=\"7938dba6\" data-element_type=\"widget\" data-widget_type=\"spacer.default\">\n\t\t\t\t<div class=\"elementor-widget-container\">\n\t\t\t\t\t<div class=\"elementor-spacer\">\n\t\t\t<div class=\"elementor-spacer-inner\"><\/div>\n\t\t<\/div>\n\t\t\t\t<\/div>\n\t\t\t\t<\/div>\n\t\t\t\t\t<\/div>\n\t\t<\/div>\n\t\t\t\t\t\t\t<\/div>\n\t\t<\/section>\n\t\t\t\t<section class=\"elementor-section elementor-top-section elementor-element elementor-element-4121f8a4 elementor-section-boxed elementor-section-height-default elementor-section-height-default\" data-id=\"4121f8a4\" data-element_type=\"section\">\n\t\t\t\t\t\t<div class=\"elementor-container elementor-column-gap-default\">\n\t\t\t\t\t<div class=\"elementor-column elementor-col-100 elementor-top-column elementor-element elementor-element-23fb2f3e\" data-id=\"23fb2f3e\" data-element_type=\"column\">\n\t\t\t<div class=\"elementor-widget-wrap elementor-element-populated\">\n\t\t\t\t\t\t\t\t<div class=\"elementor-element elementor-element-6cf0951d elementor-widget elementor-widget-image\" data-id=\"6cf0951d\" data-element_type=\"widget\" data-widget_type=\"image.default\">\n\t\t\t\t<div class=\"elementor-widget-container\">\n\t\t\t\t\t<div class=\"elementor-image\">\n\t\t\t\t\t\t\t\t\t\t<img width=\"1024\" height=\"102\" src=\"https:\/\/hospitalityprojectmanagement.ch\/wp-content\/uploads\/2021\/03\/Triangle-1024x102.png\" class=\"attachment-large size-large\" alt=\"\" loading=\"lazy\" srcset=\"https:\/\/hospitalityprojectmanagement.ch\/wp-content\/uploads\/2021\/03\/Triangle-1024x102.png 1024w, https:\/\/hospitalityprojectmanagement.ch\/wp-content\/uploads\/2021\/03\/Triangle-300x30.png 300w, https:\/\/hospitalityprojectmanagement.ch\/wp-content\/uploads\/2021\/03\/Triangle-768x77.png 768w, https:\/\/hospitalityprojectmanagement.ch\/wp-content\/uploads\/2021\/03\/Triangle-1536x154.png 1536w, https:\/\/hospitalityprojectmanagement.ch\/wp-content\/uploads\/2021\/03\/Triangle.png 2000w\" sizes=\"(max-width: 1024px) 100vw, 1024px\" \/>\t\t\t\t\t\t\t\t\t\t\t<\/div>\n\t\t\t\t<\/div>\n\t\t\t\t<\/div>\n\t\t\t\t\t<\/div>\n\t\t<\/div>\n\t\t\t\t\t\t\t<\/div>\n\t\t<\/section>\n\t\t\t\t<section class=\"elementor-section elementor-top-section elementor-element elementor-element-46847a43 elementor-section-boxed elementor-section-height-default elementor-section-height-default\" data-id=\"46847a43\" data-element_type=\"section\">\n\t\t\t\t\t\t<div class=\"elementor-container elementor-column-gap-default\">\n\t\t\t\t\t<div class=\"elementor-column elementor-col-100 elementor-top-column elementor-element elementor-element-7d996153\" data-id=\"7d996153\" data-element_type=\"column\">\n\t\t\t<div class=\"elementor-widget-wrap elementor-element-populated\">\n\t\t\t\t\t\t\t\t<div class=\"elementor-element elementor-element-167d77cb elementor-widget elementor-widget-spacer\" data-id=\"167d77cb\" data-element_type=\"widget\" data-widget_type=\"spacer.default\">\n\t\t\t\t<div class=\"elementor-widget-container\">\n\t\t\t\t\t<div class=\"elementor-spacer\">\n\t\t\t<div class=\"elementor-spacer-inner\"><\/div>\n\t\t<\/div>\n\t\t\t\t<\/div>\n\t\t\t\t<\/div>\n\t\t\t\t\t<\/div>\n\t\t<\/div>\n\t\t\t\t\t\t\t<\/div>\n\t\t<\/section>\n\t\t\t\t<section class=\"elementor-section elementor-top-section elementor-element elementor-element-487f7d74 elementor-section-boxed elementor-section-height-default elementor-section-height-default\" data-id=\"487f7d74\" data-element_type=\"section\">\n\t\t\t\t\t\t<div class=\"elementor-container elementor-column-gap-default\">\n\t\t\t\t\t<div class=\"elementor-column elementor-col-100 elementor-top-column elementor-element elementor-element-3234d697\" data-id=\"3234d697\" data-element_type=\"column\">\n\t\t\t<div class=\"elementor-widget-wrap elementor-element-populated\">\n\t\t\t\t\t\t\t\t<div class=\"elementor-element elementor-element-4b2e4731 elementor-widget elementor-widget-spacer\" data-id=\"4b2e4731\" data-element_type=\"widget\" data-widget_type=\"spacer.default\">\n\t\t\t\t<div class=\"elementor-widget-container\">\n\t\t\t\t\t<div class=\"elementor-spacer\">\n\t\t\t<div class=\"elementor-spacer-inner\"><\/div>\n\t\t<\/div>\n\t\t\t\t<\/div>\n\t\t\t\t<\/div>\n\t\t\t\t\t<\/div>\n\t\t<\/div>\n\t\t\t\t\t\t\t<\/div>\n\t\t<\/section>\n\t\t\t\t<section class=\"elementor-section elementor-top-section elementor-element elementor-element-a4473ed elementor-section-boxed elementor-section-height-default elementor-section-height-default\" data-id=\"a4473ed\" data-element_type=\"section\">\n\t\t\t\t\t\t<div class=\"elementor-container elementor-column-gap-default\">\n\t\t\t\t\t<div class=\"elementor-column elementor-col-100 elementor-top-column elementor-element elementor-element-0b05906\" data-id=\"0b05906\" data-element_type=\"column\">\n\t\t\t<div class=\"elementor-widget-wrap elementor-element-populated\">\n\t\t\t\t\t\t\t\t<div class=\"elementor-element elementor-element-a327141 elementor-widget elementor-widget-spacer\" data-id=\"a327141\" data-element_type=\"widget\" data-widget_type=\"spacer.default\">\n\t\t\t\t<div class=\"elementor-widget-container\">\n\t\t\t\t\t<div class=\"elementor-spacer\">\n\t\t\t<div class=\"elementor-spacer-inner\"><\/div>\n\t\t<\/div>\n\t\t\t\t<\/div>\n\t\t\t\t<\/div>\n\t\t\t\t\t<\/div>\n\t\t<\/div>\n\t\t\t\t\t\t\t<\/div>\n\t\t<\/section>\n\t\t\t\t\t\t<\/div>\n\t\t\t\t\t<\/div>\n\t\t","protected":false},"excerpt":{"rendered":"<p>Merci d\u2019avoir demand\u00e9 votreGenius Loci Merci d\u2019avoir demand\u00e9 votre Genius Loci. Votre commande a \u00e9t\u00e9 re\u00e7ue et a retenu toute notre attention. \u00a0Notre consultant interne vous contactera au num\u00e9ro de t\u00e9l\u00e9phone que vous avez indiqu\u00e9, dans les prochaines 24 heures pour fixer le rendez-vous en fonction de vos disponibilit\u00e9s. En attendant, nous vous souhaitons une &hellip;<\/p>\n<p class=\"read-more\"> <a class=\"\" href=\"https:\/\/hospitalityprojectmanagement.ch\/fr\/fr_thank-you_genusloci-3\/\"> <span class=\"screen-reader-text\">FR_Thank you_Genusloci<\/span> Lire la suite\u00a0\u00bb<\/a><\/p>\n","protected":false},"author":1,"featured_media":0,"parent":0,"menu_order":7,"comment_status":"closed","ping_status":"closed","template":"","meta":[],"uagb_featured_image_src":{"full":false,"thumbnail":false,"medium":false,"medium_large":false,"large":false,"1536x1536":false,"2048x2048":false},"uagb_author_info":{"display_name":"gascongroup","author_link":"https:\/\/hospitalityprojectmanagement.ch\/fr\/author\/gascongroup\/"},"uagb_comment_info":0,"uagb_excerpt":"Merci d\u2019avoir demand\u00e9 votreGenius Loci Merci d\u2019avoir demand\u00e9 votre Genius Loci. Votre commande a \u00e9t\u00e9 re\u00e7ue et a retenu toute notre attention. \u00a0Notre consultant interne vous contactera au num\u00e9ro de t\u00e9l\u00e9phone que vous avez indiqu\u00e9, dans les prochaines 24 heures pour fixer le rendez-vous en fonction de vos disponibilit\u00e9s. En attendant, nous vous souhaitons une\u2026","_links":{"self":[{"href":"https:\/\/hospitalityprojectmanagement.ch\/fr\/wp-json\/wp\/v2\/pages\/191"}],"collection":[{"href":"https:\/\/hospitalityprojectmanagement.ch\/fr\/wp-json\/wp\/v2\/pages"}],"about":[{"href":"https:\/\/hospitalityprojectmanagement.ch\/fr\/wp-json\/wp\/v2\/types\/page"}],"author":[{"embeddable":true,"href":"https:\/\/hospitalityprojectmanagement.ch\/fr\/wp-json\/wp\/v2\/users\/1"}],"replies":[{"embeddable":true,"href":"https:\/\/hospitalityprojectmanagement.ch\/fr\/wp-json\/wp\/v2\/comments?post=191"}],"version-history":[{"count":0,"href":"https:\/\/hospitalityprojectmanagement.ch\/fr\/wp-json\/wp\/v2\/pages\/191\/revisions"}],"wp:attachment":[{"href":"https:\/\/hospitalityprojectmanagement.ch\/fr\/wp-json\/wp\/v2\/media?parent=191"}],"curies":[{"name":"wp","href":"https:\/\/api.w.org\/{rel}","templated":true}]}}